{"id":27,"date":"2022-12-19T02:30:10","date_gmt":"2022-12-19T02:30:10","guid":{"rendered":"https:\/\/gaviaspreview.com\/wp\/gowilds\/?page_id=27"},"modified":"2026-02-15T19:44:34","modified_gmt":"2026-02-15T19:44:34","slug":"aktualnosci","status":"publish","type":"page","link":"https:\/\/happiness-travels.com\/pl\/aktualnosci\/","title":{"rendered":"Wiadomo\u015bci 01"},"content":{"rendered":"<div data-elementor-type=\"wp-page\" data-elementor-id=\"27\" class=\"elementor elementor-27\">\n\t\t\t\t\t\t<section class=\"elementor-section elementor-top-section elementor-element elementor-element-15c24e5 elementor-section-full_width elementor-section-height-default elementor-section-height-default\" data-id=\"15c24e5\" data-element_type=\"section\" data-e-type=\"section\">\n\t\t\t\t\t\t<div class=\"elementor-container elementor-column-gap-default\">\n\t\t\t\t\t<div class=\"elementor-column elementor-col-100 elementor-top-column elementor-element elementor-element-5072785\" data-id=\"5072785\" data-element_type=\"column\" data-e-type=\"column\">\n\t\t\t<div class=\"elementor-widget-wrap elementor-element-populated\">\n\t\t\t\t\t\t<div class=\"elementor-element elementor-element-c198af0 elementor-widget elementor-widget-gva_post_breadcrumb\" data-id=\"c198af0\" data-element_type=\"widget\" data-e-type=\"widget\" data-widget_type=\"gva_post_breadcrumb.default\">\n\t\t\t\t<div class=\"elementor-widget-container\">\n\t\t\t\t\t<div class=\"gva-element-gva_post_breadcrumb gva-element\">   \r\n<div class=\"post-breadcrumb\">\r\n   <div class=\"custom-breadcrumb\" >\r\n            <div class=\"breadcrumb-main\">\r\n        <div class=\"container\">\r\n          <div class=\"breadcrumb-container-inner\">\r\n            <h2 class=\"heading-title\">Wiadomo\u015bci 01<\/h2><ol class=\"breadcrumb\"><li><a href=\"https:\/\/happiness-travels.com\/pl\">Dom<\/a> <\/li> <li class=\"active\">Strona<\/li><\/ol>          <\/div>  \r\n        <\/div>   \r\n      <\/div>  \r\n   <\/div>\r\n<\/div>      \r\n\r\n<\/div>\t\t\t\t<\/div>\n\t\t\t\t<\/div>\n\t\t\t\t\t<\/div>\n\t\t<\/div>\n\t\t\t\t\t<\/div>\n\t\t<\/section>\n\t\t\t\t<section class=\"elementor-section elementor-top-section elementor-element elementor-element-2ac74c4 elementor-section-boxed elementor-section-height-default elementor-section-height-default\" data-id=\"2ac74c4\" data-element_type=\"section\" data-e-type=\"section\">\n\t\t\t\t\t\t<div class=\"elementor-container elementor-column-gap-default\">\n\t\t\t\t\t<div class=\"elementor-column elementor-col-100 elementor-top-column elementor-element elementor-element-2d8cdf9\" data-id=\"2d8cdf9\" data-element_type=\"column\" data-e-type=\"column\">\n\t\t\t<div class=\"elementor-widget-wrap elementor-element-populated\">\n\t\t\t\t\t\t<div class=\"elementor-element elementor-element-9678132 elementor-widget elementor-widget-gva-posts\" data-id=\"9678132\" data-element_type=\"widget\" data-e-type=\"widget\" data-widget_type=\"gva-posts.default\">\n\t\t\t\t<div class=\"elementor-widget-container\">\n\t\t\t\t\t<div class=\"gva-element-gva-posts gva-element\">  \r\n  <div class=\"gva-posts-grid clearfix gva-posts\">\r\n\t\t<div class=\"gva-content-items\"> \r\n\t\t  <div class=\"lg-block-grid-3 md-block-grid-3 sm-block-grid-2 xs-block-grid-2 xx-block-grid-1\">\r\n\t\t\t <div class=\"item-columns\"><article class=\"post-2252 post type-post status-publish format-standard has-post-thumbnail hentry category-happiness-travels\">\r\n   <div class=\"post post-one__single has-thumbnail\">\r\n      <div class=\"post-one__wrap\">\r\n         <div class=\"post-one__thumbnail\"><a href=\"https:\/\/happiness-travels.com\/pl\/2026\/02\/16\/za-czym-tesknia-turysci-podczas-wycieczek-do-egiptu\/\"><img fetchpriority=\"high\" decoding=\"async\" width=\"500\" height=\"360\" src=\"https:\/\/happiness-travels.com\/wp-content\/uploads\/2026\/02\/f276d-_d093d0b8d0b7d0b5-1-500x360.jpg\" class=\"attachment-post-thumbnail size-post-thumbnail wp-post-image\" alt=\"Czego brakuje wi\u0119kszo\u015bci turyst\u00f3w w Egipcie, gdy nie bior\u0105 udzia\u0142u w wycieczkach\" srcset=\"https:\/\/happiness-travels.com\/wp-content\/uploads\/2026\/02\/f276d-_d093d0b8d0b7d0b5-1-500x360.jpg 500w, https:\/\/happiness-travels.com\/wp-content\/uploads\/2026\/02\/f276d-_d093d0b8d0b7d0b5-1-18x12.jpg 18w\" sizes=\"(max-width: 500px) 100vw, 500px\" \/><\/a><div class=\"entry-date\"><span class=\"date\">16<\/span><span class=\"month\">lut<\/span><\/div><\/div>       \r\n         <div class=\"post-one__content\">\r\n            <div class=\"post-one__category\"><span class=\"cat-links\"><a href=\"https:\/\/happiness-travels.com\/pl\/kategoria\/podroze-szczescia\/\" rel=\"category tag\">Podr\u00f3\u017ce szcz\u0119\u015bcia<\/a><\/span><\/div>            <div class=\"post-one__content-inner\">\r\n               \r\n               <div class=\"post-one__meta\">\r\n                  <div class=\"clearfix meta-inline post-meta-1\"><span class=\"author vcard\"><i class=\"fas fa-user-circle\"><\/i>podr\u00f3\u017ce szcz\u0119\u015bcia<\/span><span class=\"post-comment\"><i class=\"fas fa-comments\"><\/i>0 Comments<\/span><\/div>               <\/div> \r\n               <h3 class=\"post-one__title\"><a href=\"https:\/\/happiness-travels.com\/pl\/2026\/02\/16\/za-czym-tesknia-turysci-podczas-wycieczek-do-egiptu\/\" rel=\"bookmark\">Czego brakuje wi\u0119kszo\u015bci turyst\u00f3w w Egipcie, gdy nie bior\u0105 udzia\u0142u w wycieczkach<\/a><\/h3>\r\n               <div class=\"post-one__desc\">Wycieczki do Egiptu, Wielu turyst\u00f3w przyje\u017cd\u017ca do Egiptu z jasnym planem: odpocz\u0105\u0107, cieszy\u0107 si\u0119 s\u0142o\u0144cem,<\/div>               <div class=\"post-one__bottom\">\r\n                  <a class=\"post-one__read-more\" href=\"https:\/\/happiness-travels.com\/pl\/2026\/02\/16\/za-czym-tesknia-turysci-podczas-wycieczek-do-egiptu\/\">\r\n                    Read More                    <i class=\"fa-solid fa-arrow-right\"><\/i>\r\n                  <\/a>\r\n               <\/div>\r\n            <\/div>\r\n         <\/div>\r\n      <\/div>   \r\n   <\/div>   \r\n<\/article><\/div><div class=\"item-columns\"><article class=\"post-2251 post type-post status-publish format-standard has-post-thumbnail hentry category-happiness-travels\">\r\n   <div class=\"post post-one__single has-thumbnail\">\r\n      <div class=\"post-one__wrap\">\r\n         <div class=\"post-one__thumbnail\"><a href=\"https:\/\/happiness-travels.com\/pl\/2026\/02\/16\/wycieczki-z-przewodnikiem-po-egipcie-oszczedzaja-czas\/\"><img decoding=\"async\" width=\"500\" height=\"360\" src=\"https:\/\/happiness-travels.com\/wp-content\/uploads\/2026\/02\/40942afb-9034-4702-85f0-83fde5b00917-1-500x360.jpeg\" class=\"attachment-post-thumbnail size-post-thumbnail wp-post-image\" alt=\"Jak wycieczki z przewodnikiem po Egipcie pomagaj\u0105 turystom zobaczy\u0107 wi\u0119cej w kr\u00f3tszym czasie\" srcset=\"https:\/\/happiness-travels.com\/wp-content\/uploads\/2026\/02\/40942afb-9034-4702-85f0-83fde5b00917-1-500x360.jpeg 500w, https:\/\/happiness-travels.com\/wp-content\/uploads\/2026\/02\/40942afb-9034-4702-85f0-83fde5b00917-1-18x12.jpeg 18w\" sizes=\"(max-width: 500px) 100vw, 500px\" \/><\/a><div class=\"entry-date\"><span class=\"date\">16<\/span><span class=\"month\">lut<\/span><\/div><\/div>       \r\n         <div class=\"post-one__content\">\r\n            <div class=\"post-one__category\"><span class=\"cat-links\"><a href=\"https:\/\/happiness-travels.com\/pl\/kategoria\/podroze-szczescia\/\" rel=\"category tag\">Podr\u00f3\u017ce szcz\u0119\u015bcia<\/a><\/span><\/div>            <div class=\"post-one__content-inner\">\r\n               \r\n               <div class=\"post-one__meta\">\r\n                  <div class=\"clearfix meta-inline post-meta-1\"><span class=\"author vcard\"><i class=\"fas fa-user-circle\"><\/i>podr\u00f3\u017ce szcz\u0119\u015bcia<\/span><span class=\"post-comment\"><i class=\"fas fa-comments\"><\/i>0 Comments<\/span><\/div>               <\/div> \r\n               <h3 class=\"post-one__title\"><a href=\"https:\/\/happiness-travels.com\/pl\/2026\/02\/16\/wycieczki-z-przewodnikiem-po-egipcie-oszczedzaja-czas\/\" rel=\"bookmark\">Jak wycieczki z przewodnikiem po Egipcie pomagaj\u0105 turystom zobaczy\u0107 wi\u0119cej w kr\u00f3tszym czasie<\/a><\/h3>\r\n               <div class=\"post-one__desc\">Egipt to miejsce, kt\u00f3re obiecuje niezwyk\u0142e prze\u017cycia: staro\u017cytne zabytki, \u017cyw\u0105 kultur\u0119, dramatyczne krajobrazy i<\/div>               <div class=\"post-one__bottom\">\r\n                  <a class=\"post-one__read-more\" href=\"https:\/\/happiness-travels.com\/pl\/2026\/02\/16\/wycieczki-z-przewodnikiem-po-egipcie-oszczedzaja-czas\/\">\r\n                    Read More                    <i class=\"fa-solid fa-arrow-right\"><\/i>\r\n                  <\/a>\r\n               <\/div>\r\n            <\/div>\r\n         <\/div>\r\n      <\/div>   \r\n   <\/div>   \r\n<\/article><\/div><div class=\"item-columns\"><article class=\"post-2239 post type-post status-publish format-standard has-post-thumbnail hentry category-happiness-travels\">\r\n   <div class=\"post post-one__single has-thumbnail\">\r\n      <div class=\"post-one__wrap\">\r\n         <div class=\"post-one__thumbnail\"><a href=\"https:\/\/happiness-travels.com\/pl\/2026\/02\/16\/wycieczki-do-egiptu-najwazniejsze-atrakcje-wakacyjne\/\"><img decoding=\"async\" width=\"500\" height=\"360\" src=\"https:\/\/happiness-travels.com\/wp-content\/uploads\/2026\/02\/giza-egyptian-pyramids-500x360.jpg\" class=\"attachment-post-thumbnail size-post-thumbnail wp-post-image\" alt=\"Dlaczego wycieczki s\u0105 prawdziw\u0105 atrakcj\u0105 wakacji w Egipcie\" srcset=\"https:\/\/happiness-travels.com\/wp-content\/uploads\/2026\/02\/giza-egyptian-pyramids-500x360.jpg 500w, https:\/\/happiness-travels.com\/wp-content\/uploads\/2026\/02\/giza-egyptian-pyramids-18x12.jpg 18w\" sizes=\"(max-width: 500px) 100vw, 500px\" \/><\/a><div class=\"entry-date\"><span class=\"date\">16<\/span><span class=\"month\">lut<\/span><\/div><\/div>       \r\n         <div class=\"post-one__content\">\r\n            <div class=\"post-one__category\"><span class=\"cat-links\"><a href=\"https:\/\/happiness-travels.com\/pl\/kategoria\/podroze-szczescia\/\" rel=\"category tag\">Podr\u00f3\u017ce szcz\u0119\u015bcia<\/a><\/span><\/div>            <div class=\"post-one__content-inner\">\r\n               \r\n               <div class=\"post-one__meta\">\r\n                  <div class=\"clearfix meta-inline post-meta-1\"><span class=\"author vcard\"><i class=\"fas fa-user-circle\"><\/i>podr\u00f3\u017ce szcz\u0119\u015bcia<\/span><span class=\"post-comment\"><i class=\"fas fa-comments\"><\/i>0 Comments<\/span><\/div>               <\/div> \r\n               <h3 class=\"post-one__title\"><a href=\"https:\/\/happiness-travels.com\/pl\/2026\/02\/16\/wycieczki-do-egiptu-najwazniejsze-atrakcje-wakacyjne\/\" rel=\"bookmark\">Dlaczego wycieczki s\u0105 prawdziw\u0105 atrakcj\u0105 wakacji w Egipcie<\/a><\/h3>\r\n               <div class=\"post-one__desc\">Wycieczki do Egiptu Dla wielu podr\u00f3\u017cnik\u00f3w wakacje w Egipcie zaczynaj\u0105 si\u0119 od pi\u0119knego hotelu,<\/div>               <div class=\"post-one__bottom\">\r\n                  <a class=\"post-one__read-more\" href=\"https:\/\/happiness-travels.com\/pl\/2026\/02\/16\/wycieczki-do-egiptu-najwazniejsze-atrakcje-wakacyjne\/\">\r\n                    Read More                    <i class=\"fa-solid fa-arrow-right\"><\/i>\r\n                  <\/a>\r\n               <\/div>\r\n            <\/div>\r\n         <\/div>\r\n      <\/div>   \r\n   <\/div>   \r\n<\/article><\/div>\t\t  <\/div>\r\n\t\t<\/div>\r\n\t\t\t\t\t <div class=\"pagination\">\r\n\t\t\t\t  \t\t\t <\/div>\r\n\t\t  <\/div>\r\n  <\/div>\t\t\t\t<\/div>\n\t\t\t\t<\/div>\n\t\t\t\t\t<\/div>\n\t\t<\/div>\n\t\t\t\t\t<\/div>\n\t\t<\/section>\n\t\t\t\t<\/div>","protected":false},"excerpt":{"rendered":"<p>News 01 Home Page 25Jan Happiness Travels happiness travels0 Comments The Best Snorkeling and Diving Spots Near Hurghada: Red Sea Adventures with Kemetra Travel The Red Sea is widely regarded as one of the most spectacular marine destinations in Read More 25Jan Happiness Travels happiness travels0 Comments Luxor Day Trips from Hurghada: Temples, Tombs &#038; [&hellip;]<\/p>\n","protected":false},"author":1,"featured_media":0,"parent":0,"menu_order":0,"comment_status":"closed","ping_status":"closed","template":"","meta":{"footnotes":""},"class_list":["post-27","page","type-page","status-publish","hentry"],"yoast_head":"<!-- This site is optimized with the Yoast SEO plugin v26.9 - https:\/\/yoast.com\/product\/yoast-seo-wordpress\/ -->\n<title>News 01 - Happiness Travels- Discover Egypt with Experts. Experience It with Heart.<\/title>\n<meta name=\"robots\" content=\"index, follow, max-snippet:-1, max-image-preview:large, max-video-preview:-1\" \/>\n<link rel=\"canonical\" href=\"https:\/\/happiness-travels.com\/pl\/aktualnosci\/\" \/>\n<meta property=\"og:locale\" content=\"pl_PL\" \/>\n<meta property=\"og:type\" content=\"article\" \/>\n<meta property=\"og:title\" content=\"News 01 - Happiness Travels- Discover Egypt with Experts. Experience It with Heart.\" \/>\n<meta property=\"og:description\" content=\"News 01 Home Page 25Jan Happiness Travels happiness travels0 Comments The Best Snorkeling and Diving Spots Near Hurghada: Red Sea Adventures with Kemetra Travel The Red Sea is widely regarded as one of the most spectacular marine destinations in Read More 25Jan Happiness Travels happiness travels0 Comments Luxor Day Trips from Hurghada: Temples, Tombs &#038; [&hellip;]\" \/>\n<meta property=\"og:url\" content=\"https:\/\/happiness-travels.com\/pl\/aktualnosci\/\" \/>\n<meta property=\"og:site_name\" content=\"Happiness Travels- Discover Egypt with Experts. Experience It with Heart.\" \/>\n<meta property=\"article:modified_time\" content=\"2026-02-15T19:44:34+00:00\" \/>\n<meta property=\"og:image\" content=\"https:\/\/happiness-travels.com\/wp-content\/uploads\/2026\/01\/iStock-827963114_rgb-500x360.jpg\" \/>\n<meta name=\"twitter:card\" content=\"summary_large_image\" \/>\n<meta name=\"twitter:label1\" content=\"Szacowany czas czytania\" \/>\n\t<meta name=\"twitter:data1\" content=\"2 minuty\" \/>\n<script type=\"application\/ld+json\" class=\"yoast-schema-graph\">{\"@context\":\"https:\/\/schema.org\",\"@graph\":[{\"@type\":\"WebPage\",\"@id\":\"https:\/\/happiness-travels.com\/news\/\",\"url\":\"https:\/\/happiness-travels.com\/news\/\",\"name\":\"News 01 - Happiness Travels- Discover Egypt with Experts. Experience It with Heart.\",\"isPartOf\":{\"@id\":\"https:\/\/happiness-travels.com\/#website\"},\"primaryImageOfPage\":{\"@id\":\"https:\/\/happiness-travels.com\/news\/#primaryimage\"},\"image\":{\"@id\":\"https:\/\/happiness-travels.com\/news\/#primaryimage\"},\"thumbnailUrl\":\"https:\/\/happiness-travels.com\/wp-content\/uploads\/2026\/01\/iStock-827963114_rgb-500x360.jpg\",\"datePublished\":\"2022-12-19T02:30:10+00:00\",\"dateModified\":\"2026-02-15T19:44:34+00:00\",\"breadcrumb\":{\"@id\":\"https:\/\/happiness-travels.com\/news\/#breadcrumb\"},\"inLanguage\":\"pl-PL\",\"potentialAction\":[{\"@type\":\"ReadAction\",\"target\":[\"https:\/\/happiness-travels.com\/news\/\"]}]},{\"@type\":\"ImageObject\",\"inLanguage\":\"pl-PL\",\"@id\":\"https:\/\/happiness-travels.com\/news\/#primaryimage\",\"url\":\"https:\/\/happiness-travels.com\/wp-content\/uploads\/2026\/01\/iStock-827963114_rgb-500x360.jpg\",\"contentUrl\":\"https:\/\/happiness-travels.com\/wp-content\/uploads\/2026\/01\/iStock-827963114_rgb-500x360.jpg\"},{\"@type\":\"BreadcrumbList\",\"@id\":\"https:\/\/happiness-travels.com\/news\/#breadcrumb\",\"itemListElement\":[{\"@type\":\"ListItem\",\"position\":1,\"name\":\"Home\",\"item\":\"https:\/\/happiness-travels.com\/\"},{\"@type\":\"ListItem\",\"position\":2,\"name\":\"News 01\"}]},{\"@type\":\"WebSite\",\"@id\":\"https:\/\/happiness-travels.com\/#website\",\"url\":\"https:\/\/happiness-travels.com\/\",\"name\":\"Happiness Travels- Discover Egypt with Experts. Experience It with Heart.\",\"description\":\"Popular Excursions With happiness travels\",\"potentialAction\":[{\"@type\":\"SearchAction\",\"target\":{\"@type\":\"EntryPoint\",\"urlTemplate\":\"https:\/\/happiness-travels.com\/?s={search_term_string}\"},\"query-input\":{\"@type\":\"PropertyValueSpecification\",\"valueRequired\":true,\"valueName\":\"search_term_string\"}}],\"inLanguage\":\"pl-PL\"}]}<\/script>\n<!-- \/ Yoast SEO plugin. -->","yoast_head_json":{"title":"Aktualno\u015bci 01 - Podr\u00f3\u017ce szcz\u0119\u015bcia \u2013 Odkryj Egipt z ekspertami. Prze\u017cyj go z sercem.","robots":{"index":"index","follow":"follow","max-snippet":"max-snippet:-1","max-image-preview":"max-image-preview:large","max-video-preview":"max-video-preview:-1"},"canonical":"https:\/\/happiness-travels.com\/pl\/aktualnosci\/","og_locale":"pl_PL","og_type":"article","og_title":"News 01 - Happiness Travels- Discover Egypt with Experts. Experience It with Heart.","og_description":"News 01 Home Page 25Jan Happiness Travels happiness travels0 Comments The Best Snorkeling and Diving Spots Near Hurghada: Red Sea Adventures with Kemetra Travel The Red Sea is widely regarded as one of the most spectacular marine destinations in Read More 25Jan Happiness Travels happiness travels0 Comments Luxor Day Trips from Hurghada: Temples, Tombs &#038; [&hellip;]","og_url":"https:\/\/happiness-travels.com\/pl\/aktualnosci\/","og_site_name":"Happiness Travels- Discover Egypt with Experts. Experience It with Heart.","article_modified_time":"2026-02-15T19:44:34+00:00","og_image":[{"url":"https:\/\/happiness-travels.com\/wp-content\/uploads\/2026\/01\/iStock-827963114_rgb-500x360.jpg","type":"","width":"","height":""}],"twitter_card":"summary_large_image","twitter_misc":{"Szacowany czas czytania":"2 minuty"},"schema":{"@context":"https:\/\/schema.org","@graph":[{"@type":"WebPage","@id":"https:\/\/happiness-travels.com\/news\/","url":"https:\/\/happiness-travels.com\/news\/","name":"Aktualno\u015bci 01 - Podr\u00f3\u017ce szcz\u0119\u015bcia \u2013 Odkryj Egipt z ekspertami. Prze\u017cyj go z sercem.","isPartOf":{"@id":"https:\/\/happiness-travels.com\/#website"},"primaryImageOfPage":{"@id":"https:\/\/happiness-travels.com\/news\/#primaryimage"},"image":{"@id":"https:\/\/happiness-travels.com\/news\/#primaryimage"},"thumbnailUrl":"https:\/\/happiness-travels.com\/wp-content\/uploads\/2026\/01\/iStock-827963114_rgb-500x360.jpg","datePublished":"2022-12-19T02:30:10+00:00","dateModified":"2026-02-15T19:44:34+00:00","breadcrumb":{"@id":"https:\/\/happiness-travels.com\/news\/#breadcrumb"},"inLanguage":"pl-PL","potentialAction":[{"@type":"ReadAction","target":["https:\/\/happiness-travels.com\/news\/"]}]},{"@type":"ImageObject","inLanguage":"pl-PL","@id":"https:\/\/happiness-travels.com\/news\/#primaryimage","url":"https:\/\/happiness-travels.com\/wp-content\/uploads\/2026\/01\/iStock-827963114_rgb-500x360.jpg","contentUrl":"https:\/\/happiness-travels.com\/wp-content\/uploads\/2026\/01\/iStock-827963114_rgb-500x360.jpg"},{"@type":"BreadcrumbList","@id":"https:\/\/happiness-travels.com\/news\/#breadcrumb","itemListElement":[{"@type":"ListItem","position":1,"name":"Home","item":"https:\/\/happiness-travels.com\/"},{"@type":"ListItem","position":2,"name":"News 01"}]},{"@type":"WebSite","@id":"https:\/\/happiness-travels.com\/#website","url":"https:\/\/happiness-travels.com\/","name":"Podr\u00f3\u017ce szcz\u0119\u015bcia \u2013 odkryj Egipt z ekspertami. Prze\u017cyj go z sercem.","description":"Popularne wycieczki Z podr\u00f3\u017cami szcz\u0119\u015bcia","potentialAction":[{"@type":"SearchAction","target":{"@type":"EntryPoint","urlTemplate":"https:\/\/happiness-travels.com\/?s={search_term_string}"},"query-input":{"@type":"PropertyValueSpecification","valueRequired":true,"valueName":"search_term_string"}}],"inLanguage":"pl-PL"}]}},"_links":{"self":[{"href":"https:\/\/happiness-travels.com\/pl\/wp-json\/wp\/v2\/pages\/27","targetHints":{"allow":["GET"]}}],"collection":[{"href":"https:\/\/happiness-travels.com\/pl\/wp-json\/wp\/v2\/pages"}],"about":[{"href":"https:\/\/happiness-travels.com\/pl\/wp-json\/wp\/v2\/types\/page"}],"author":[{"embeddable":true,"href":"https:\/\/happiness-travels.com\/pl\/wp-json\/wp\/v2\/users\/1"}],"replies":[{"embeddable":true,"href":"https:\/\/happiness-travels.com\/pl\/wp-json\/wp\/v2\/comments?post=27"}],"version-history":[{"count":6,"href":"https:\/\/happiness-travels.com\/pl\/wp-json\/wp\/v2\/pages\/27\/revisions"}],"predecessor-version":[{"id":2198,"href":"https:\/\/happiness-travels.com\/pl\/wp-json\/wp\/v2\/pages\/27\/revisions\/2198"}],"wp:attachment":[{"href":"https:\/\/happiness-travels.com\/pl\/wp-json\/wp\/v2\/media?parent=27"}],"curies":[{"name":"wp","href":"https:\/\/api.w.org\/{rel}","templated":true}]}}