{"id":27,"date":"2022-12-19T02:30:10","date_gmt":"2022-12-19T02:30:10","guid":{"rendered":"https:\/\/gaviaspreview.com\/wp\/gowilds\/?page_id=27"},"modified":"2026-02-15T19:44:34","modified_gmt":"2026-02-15T19:44:34","slug":"nachricht","status":"publish","type":"page","link":"https:\/\/happiness-travels.com\/de\/nachricht\/","title":{"rendered":"Nachrichten 01"},"content":{"rendered":"<div data-elementor-type=\"wp-page\" data-elementor-id=\"27\" class=\"elementor elementor-27\">\n\t\t\t\t\t\t<section class=\"elementor-section elementor-top-section elementor-element elementor-element-15c24e5 elementor-section-full_width elementor-section-height-default elementor-section-height-default\" data-id=\"15c24e5\" data-element_type=\"section\" data-e-type=\"section\">\n\t\t\t\t\t\t<div class=\"elementor-container elementor-column-gap-default\">\n\t\t\t\t\t<div class=\"elementor-column elementor-col-100 elementor-top-column elementor-element elementor-element-5072785\" data-id=\"5072785\" data-element_type=\"column\" data-e-type=\"column\">\n\t\t\t<div class=\"elementor-widget-wrap elementor-element-populated\">\n\t\t\t\t\t\t<div class=\"elementor-element elementor-element-c198af0 elementor-widget elementor-widget-gva_post_breadcrumb\" data-id=\"c198af0\" data-element_type=\"widget\" data-e-type=\"widget\" data-widget_type=\"gva_post_breadcrumb.default\">\n\t\t\t\t<div class=\"elementor-widget-container\">\n\t\t\t\t\t<div class=\"gva-element-gva_post_breadcrumb gva-element\">   \r\n<div class=\"post-breadcrumb\">\r\n   <div class=\"custom-breadcrumb\" >\r\n            <div class=\"breadcrumb-main\">\r\n        <div class=\"container\">\r\n          <div class=\"breadcrumb-container-inner\">\r\n            <h2 class=\"heading-title\">Nachrichten 01<\/h2><ol class=\"breadcrumb\"><li><a href=\"https:\/\/happiness-travels.com\/de\">Heim<\/a> <\/li> <li class=\"active\">Seite<\/li><\/ol>          <\/div>  \r\n        <\/div>   \r\n      <\/div>  \r\n   <\/div>\r\n<\/div>      \r\n\r\n<\/div>\t\t\t\t<\/div>\n\t\t\t\t<\/div>\n\t\t\t\t\t<\/div>\n\t\t<\/div>\n\t\t\t\t\t<\/div>\n\t\t<\/section>\n\t\t\t\t<section class=\"elementor-section elementor-top-section elementor-element elementor-element-2ac74c4 elementor-section-boxed elementor-section-height-default elementor-section-height-default\" data-id=\"2ac74c4\" data-element_type=\"section\" data-e-type=\"section\">\n\t\t\t\t\t\t<div class=\"elementor-container elementor-column-gap-default\">\n\t\t\t\t\t<div class=\"elementor-column elementor-col-100 elementor-top-column elementor-element elementor-element-2d8cdf9\" data-id=\"2d8cdf9\" data-element_type=\"column\" data-e-type=\"column\">\n\t\t\t<div class=\"elementor-widget-wrap elementor-element-populated\">\n\t\t\t\t\t\t<div class=\"elementor-element elementor-element-9678132 elementor-widget elementor-widget-gva-posts\" data-id=\"9678132\" data-element_type=\"widget\" data-e-type=\"widget\" data-widget_type=\"gva-posts.default\">\n\t\t\t\t<div class=\"elementor-widget-container\">\n\t\t\t\t\t<div class=\"gva-element-gva-posts gva-element\">  \r\n  <div class=\"gva-posts-grid clearfix gva-posts\">\r\n\t\t<div class=\"gva-content-items\"> \r\n\t\t  <div class=\"lg-block-grid-3 md-block-grid-3 sm-block-grid-2 xs-block-grid-2 xx-block-grid-1\">\r\n\t\t\t <div class=\"item-columns\"><article class=\"post-2252 post type-post status-publish format-standard has-post-thumbnail hentry category-happiness-travels\">\r\n   <div class=\"post post-one__single has-thumbnail\">\r\n      <div class=\"post-one__wrap\">\r\n         <div class=\"post-one__thumbnail\"><a href=\"https:\/\/happiness-travels.com\/de\/2026\/02\/16\/was-touristen-bei-agypten-ausflugen-verpassen\/\"><img fetchpriority=\"high\" decoding=\"async\" width=\"500\" height=\"360\" src=\"https:\/\/happiness-travels.com\/wp-content\/uploads\/2026\/02\/f276d-_d093d0b8d0b7d0b5-1-500x360.jpg\" class=\"attachment-post-thumbnail size-post-thumbnail wp-post-image\" alt=\"Was die meisten Touristen in \u00c4gypten verpassen, wenn sie keine Ausfl\u00fcge unternehmen\" srcset=\"https:\/\/happiness-travels.com\/wp-content\/uploads\/2026\/02\/f276d-_d093d0b8d0b7d0b5-1-500x360.jpg 500w, https:\/\/happiness-travels.com\/wp-content\/uploads\/2026\/02\/f276d-_d093d0b8d0b7d0b5-1-18x12.jpg 18w\" sizes=\"(max-width: 500px) 100vw, 500px\" \/><\/a><div class=\"entry-date\"><span class=\"date\">16<\/span><span class=\"month\">Februar.<\/span><\/div><\/div>       \r\n         <div class=\"post-one__content\">\r\n            <div class=\"post-one__category\"><span class=\"cat-links\"><a href=\"https:\/\/happiness-travels.com\/de\/kategorie\/glucksreisen\/\" rel=\"category tag\">Gl\u00fccksreisen<\/a><\/span><\/div>            <div class=\"post-one__content-inner\">\r\n               \r\n               <div class=\"post-one__meta\">\r\n                  <div class=\"clearfix meta-inline post-meta-1\"><span class=\"author vcard\"><i class=\"fas fa-user-circle\"><\/i>Gl\u00fccksreisen<\/span><span class=\"post-comment\"><i class=\"fas fa-comments\"><\/i>0 Comments<\/span><\/div>               <\/div> \r\n               <h3 class=\"post-one__title\"><a href=\"https:\/\/happiness-travels.com\/de\/2026\/02\/16\/was-touristen-bei-agypten-ausflugen-verpassen\/\" rel=\"bookmark\">Was die meisten Touristen in \u00c4gypten verpassen, wenn sie keine Ausfl\u00fcge unternehmen<\/a><\/h3>\r\n               <div class=\"post-one__desc\">\u00c4gypten-Ausfl\u00fcge, Viele Reisende kommen mit einem klaren Plan nach \u00c4gypten: entspannen, die Sonne genie\u00dfen.,<\/div>               <div class=\"post-one__bottom\">\r\n                  <a class=\"post-one__read-more\" href=\"https:\/\/happiness-travels.com\/de\/2026\/02\/16\/was-touristen-bei-agypten-ausflugen-verpassen\/\">\r\n                    Read More                    <i class=\"fa-solid fa-arrow-right\"><\/i>\r\n                  <\/a>\r\n               <\/div>\r\n            <\/div>\r\n         <\/div>\r\n      <\/div>   \r\n   <\/div>   \r\n<\/article><\/div><div class=\"item-columns\"><article class=\"post-2251 post type-post status-publish format-standard has-post-thumbnail hentry category-happiness-travels\">\r\n   <div class=\"post post-one__single has-thumbnail\">\r\n      <div class=\"post-one__wrap\">\r\n         <div class=\"post-one__thumbnail\"><a href=\"https:\/\/happiness-travels.com\/de\/2026\/02\/16\/gefuhrte-touren-in-agypten-sparen-zeit\/\"><img decoding=\"async\" width=\"500\" height=\"360\" src=\"https:\/\/happiness-travels.com\/wp-content\/uploads\/2026\/02\/40942afb-9034-4702-85f0-83fde5b00917-1-500x360.jpeg\" class=\"attachment-post-thumbnail size-post-thumbnail wp-post-image\" alt=\"Wie gef\u00fchrte Touren in \u00c4gypten Reisenden helfen, in k\u00fcrzerer Zeit mehr zu sehen\" srcset=\"https:\/\/happiness-travels.com\/wp-content\/uploads\/2026\/02\/40942afb-9034-4702-85f0-83fde5b00917-1-500x360.jpeg 500w, https:\/\/happiness-travels.com\/wp-content\/uploads\/2026\/02\/40942afb-9034-4702-85f0-83fde5b00917-1-18x12.jpeg 18w\" sizes=\"(max-width: 500px) 100vw, 500px\" \/><\/a><div class=\"entry-date\"><span class=\"date\">16<\/span><span class=\"month\">Februar.<\/span><\/div><\/div>       \r\n         <div class=\"post-one__content\">\r\n            <div class=\"post-one__category\"><span class=\"cat-links\"><a href=\"https:\/\/happiness-travels.com\/de\/kategorie\/glucksreisen\/\" rel=\"category tag\">Gl\u00fccksreisen<\/a><\/span><\/div>            <div class=\"post-one__content-inner\">\r\n               \r\n               <div class=\"post-one__meta\">\r\n                  <div class=\"clearfix meta-inline post-meta-1\"><span class=\"author vcard\"><i class=\"fas fa-user-circle\"><\/i>Gl\u00fccksreisen<\/span><span class=\"post-comment\"><i class=\"fas fa-comments\"><\/i>0 Comments<\/span><\/div>               <\/div> \r\n               <h3 class=\"post-one__title\"><a href=\"https:\/\/happiness-travels.com\/de\/2026\/02\/16\/gefuhrte-touren-in-agypten-sparen-zeit\/\" rel=\"bookmark\">Wie gef\u00fchrte Touren in \u00c4gypten Reisenden helfen, in k\u00fcrzerer Zeit mehr zu sehen<\/a><\/h3>\r\n               <div class=\"post-one__desc\">\u00c4gypten ist ein Reiseziel, das au\u00dfergew\u00f6hnliche Erlebnisse verspricht: antike Monumente, eine lebendige Kultur, dramatische Landschaften und<\/div>               <div class=\"post-one__bottom\">\r\n                  <a class=\"post-one__read-more\" href=\"https:\/\/happiness-travels.com\/de\/2026\/02\/16\/gefuhrte-touren-in-agypten-sparen-zeit\/\">\r\n                    Read More                    <i class=\"fa-solid fa-arrow-right\"><\/i>\r\n                  <\/a>\r\n               <\/div>\r\n            <\/div>\r\n         <\/div>\r\n      <\/div>   \r\n   <\/div>   \r\n<\/article><\/div><div class=\"item-columns\"><article class=\"post-2239 post type-post status-publish format-standard has-post-thumbnail hentry category-happiness-travels\">\r\n   <div class=\"post post-one__single has-thumbnail\">\r\n      <div class=\"post-one__wrap\">\r\n         <div class=\"post-one__thumbnail\"><a href=\"https:\/\/happiness-travels.com\/de\/2026\/02\/16\/agypten-ausfluge-urlaubshighlight\/\"><img decoding=\"async\" width=\"500\" height=\"360\" src=\"https:\/\/happiness-travels.com\/wp-content\/uploads\/2026\/02\/giza-egyptian-pyramids-500x360.jpg\" class=\"attachment-post-thumbnail size-post-thumbnail wp-post-image\" alt=\"Warum Ausfl\u00fcge das wahre Highlight eines Urlaubs in \u00c4gypten sind\" srcset=\"https:\/\/happiness-travels.com\/wp-content\/uploads\/2026\/02\/giza-egyptian-pyramids-500x360.jpg 500w, https:\/\/happiness-travels.com\/wp-content\/uploads\/2026\/02\/giza-egyptian-pyramids-18x12.jpg 18w\" sizes=\"(max-width: 500px) 100vw, 500px\" \/><\/a><div class=\"entry-date\"><span class=\"date\">16<\/span><span class=\"month\">Februar.<\/span><\/div><\/div>       \r\n         <div class=\"post-one__content\">\r\n            <div class=\"post-one__category\"><span class=\"cat-links\"><a href=\"https:\/\/happiness-travels.com\/de\/kategorie\/glucksreisen\/\" rel=\"category tag\">Gl\u00fccksreisen<\/a><\/span><\/div>            <div class=\"post-one__content-inner\">\r\n               \r\n               <div class=\"post-one__meta\">\r\n                  <div class=\"clearfix meta-inline post-meta-1\"><span class=\"author vcard\"><i class=\"fas fa-user-circle\"><\/i>Gl\u00fccksreisen<\/span><span class=\"post-comment\"><i class=\"fas fa-comments\"><\/i>0 Comments<\/span><\/div>               <\/div> \r\n               <h3 class=\"post-one__title\"><a href=\"https:\/\/happiness-travels.com\/de\/2026\/02\/16\/agypten-ausfluge-urlaubshighlight\/\" rel=\"bookmark\">Warum Ausfl\u00fcge das wahre Highlight eines Urlaubs in \u00c4gypten sind<\/a><\/h3>\r\n               <div class=\"post-one__desc\">\u00c4gypten-Ausfl\u00fcge, F\u00fcr viele Reisende beginnt ein Urlaub in \u00c4gypten mit einem sch\u00f6nen Hotel, einem<\/div>               <div class=\"post-one__bottom\">\r\n                  <a class=\"post-one__read-more\" href=\"https:\/\/happiness-travels.com\/de\/2026\/02\/16\/agypten-ausfluge-urlaubshighlight\/\">\r\n                    Read More                    <i class=\"fa-solid fa-arrow-right\"><\/i>\r\n                  <\/a>\r\n               <\/div>\r\n            <\/div>\r\n         <\/div>\r\n      <\/div>   \r\n   <\/div>   \r\n<\/article><\/div>\t\t  <\/div>\r\n\t\t<\/div>\r\n\t\t\t\t\t <div class=\"pagination\">\r\n\t\t\t\t  \t\t\t <\/div>\r\n\t\t  <\/div>\r\n  <\/div>\t\t\t\t<\/div>\n\t\t\t\t<\/div>\n\t\t\t\t\t<\/div>\n\t\t<\/div>\n\t\t\t\t\t<\/div>\n\t\t<\/section>\n\t\t\t\t<\/div>","protected":false},"excerpt":{"rendered":"<p>News 01 Home Page 25Jan Happiness Travels happiness travels0 Comments The Best Snorkeling and Diving Spots Near Hurghada: Red Sea Adventures with Kemetra Travel The Red Sea is widely regarded as one of the most spectacular marine destinations in Read More 25Jan Happiness Travels happiness travels0 Comments Luxor Day Trips from Hurghada: Temples, Tombs &#038; [&hellip;]<\/p>\n","protected":false},"author":1,"featured_media":0,"parent":0,"menu_order":0,"comment_status":"closed","ping_status":"closed","template":"","meta":{"footnotes":""},"class_list":["post-27","page","type-page","status-publish","hentry"],"yoast_head":"<!-- This site is optimized with the Yoast SEO plugin v26.9 - https:\/\/yoast.com\/product\/yoast-seo-wordpress\/ -->\n<title>News 01 - Happiness Travels- Discover Egypt with Experts. Experience It with Heart.<\/title>\n<meta name=\"robots\" content=\"index, follow, max-snippet:-1, max-image-preview:large, max-video-preview:-1\" \/>\n<link rel=\"canonical\" href=\"https:\/\/happiness-travels.com\/de\/nachricht\/\" \/>\n<meta property=\"og:locale\" content=\"de_DE\" \/>\n<meta property=\"og:type\" content=\"article\" \/>\n<meta property=\"og:title\" content=\"News 01 - Happiness Travels- Discover Egypt with Experts. Experience It with Heart.\" \/>\n<meta property=\"og:description\" content=\"News 01 Home Page 25Jan Happiness Travels happiness travels0 Comments The Best Snorkeling and Diving Spots Near Hurghada: Red Sea Adventures with Kemetra Travel The Red Sea is widely regarded as one of the most spectacular marine destinations in Read More 25Jan Happiness Travels happiness travels0 Comments Luxor Day Trips from Hurghada: Temples, Tombs &#038; [&hellip;]\" \/>\n<meta property=\"og:url\" content=\"https:\/\/happiness-travels.com\/de\/nachricht\/\" \/>\n<meta property=\"og:site_name\" content=\"Happiness Travels- Discover Egypt with Experts. Experience It with Heart.\" \/>\n<meta property=\"article:modified_time\" content=\"2026-02-15T19:44:34+00:00\" \/>\n<meta property=\"og:image\" content=\"https:\/\/happiness-travels.com\/wp-content\/uploads\/2026\/01\/iStock-827963114_rgb-500x360.jpg\" \/>\n<meta name=\"twitter:card\" content=\"summary_large_image\" \/>\n<meta name=\"twitter:label1\" content=\"Gesch\u00e4tzte Lesezeit\" \/>\n\t<meta name=\"twitter:data1\" content=\"2\u00a0Minuten\" \/>\n<script type=\"application\/ld+json\" class=\"yoast-schema-graph\">{\"@context\":\"https:\/\/schema.org\",\"@graph\":[{\"@type\":\"WebPage\",\"@id\":\"https:\/\/happiness-travels.com\/news\/\",\"url\":\"https:\/\/happiness-travels.com\/news\/\",\"name\":\"News 01 - Happiness Travels- Discover Egypt with Experts. Experience It with Heart.\",\"isPartOf\":{\"@id\":\"https:\/\/happiness-travels.com\/#website\"},\"primaryImageOfPage\":{\"@id\":\"https:\/\/happiness-travels.com\/news\/#primaryimage\"},\"image\":{\"@id\":\"https:\/\/happiness-travels.com\/news\/#primaryimage\"},\"thumbnailUrl\":\"https:\/\/happiness-travels.com\/wp-content\/uploads\/2026\/01\/iStock-827963114_rgb-500x360.jpg\",\"datePublished\":\"2022-12-19T02:30:10+00:00\",\"dateModified\":\"2026-02-15T19:44:34+00:00\",\"breadcrumb\":{\"@id\":\"https:\/\/happiness-travels.com\/news\/#breadcrumb\"},\"inLanguage\":\"de\",\"potentialAction\":[{\"@type\":\"ReadAction\",\"target\":[\"https:\/\/happiness-travels.com\/news\/\"]}]},{\"@type\":\"ImageObject\",\"inLanguage\":\"de\",\"@id\":\"https:\/\/happiness-travels.com\/news\/#primaryimage\",\"url\":\"https:\/\/happiness-travels.com\/wp-content\/uploads\/2026\/01\/iStock-827963114_rgb-500x360.jpg\",\"contentUrl\":\"https:\/\/happiness-travels.com\/wp-content\/uploads\/2026\/01\/iStock-827963114_rgb-500x360.jpg\"},{\"@type\":\"BreadcrumbList\",\"@id\":\"https:\/\/happiness-travels.com\/news\/#breadcrumb\",\"itemListElement\":[{\"@type\":\"ListItem\",\"position\":1,\"name\":\"Home\",\"item\":\"https:\/\/happiness-travels.com\/\"},{\"@type\":\"ListItem\",\"position\":2,\"name\":\"News 01\"}]},{\"@type\":\"WebSite\",\"@id\":\"https:\/\/happiness-travels.com\/#website\",\"url\":\"https:\/\/happiness-travels.com\/\",\"name\":\"Happiness Travels- Discover Egypt with Experts. Experience It with Heart.\",\"description\":\"Popular Excursions With happiness travels\",\"potentialAction\":[{\"@type\":\"SearchAction\",\"target\":{\"@type\":\"EntryPoint\",\"urlTemplate\":\"https:\/\/happiness-travels.com\/?s={search_term_string}\"},\"query-input\":{\"@type\":\"PropertyValueSpecification\",\"valueRequired\":true,\"valueName\":\"search_term_string\"}}],\"inLanguage\":\"de\"}]}<\/script>\n<!-- \/ Yoast SEO plugin. -->","yoast_head_json":{"title":"News 01 \u2013 Happiness Travels \u2013 Entdecken Sie \u00c4gypten mit Experten. Erleben Sie es mit Herz.","robots":{"index":"index","follow":"follow","max-snippet":"max-snippet:-1","max-image-preview":"max-image-preview:large","max-video-preview":"max-video-preview:-1"},"canonical":"https:\/\/happiness-travels.com\/de\/nachricht\/","og_locale":"de_DE","og_type":"article","og_title":"News 01 - Happiness Travels- Discover Egypt with Experts. Experience It with Heart.","og_description":"News 01 Home Page 25Jan Happiness Travels happiness travels0 Comments The Best Snorkeling and Diving Spots Near Hurghada: Red Sea Adventures with Kemetra Travel The Red Sea is widely regarded as one of the most spectacular marine destinations in Read More 25Jan Happiness Travels happiness travels0 Comments Luxor Day Trips from Hurghada: Temples, Tombs &#038; [&hellip;]","og_url":"https:\/\/happiness-travels.com\/de\/nachricht\/","og_site_name":"Happiness Travels- Discover Egypt with Experts. Experience It with Heart.","article_modified_time":"2026-02-15T19:44:34+00:00","og_image":[{"url":"https:\/\/happiness-travels.com\/wp-content\/uploads\/2026\/01\/iStock-827963114_rgb-500x360.jpg","type":"","width":"","height":""}],"twitter_card":"summary_large_image","twitter_misc":{"Gesch\u00e4tzte Lesezeit":"2\u00a0Minuten"},"schema":{"@context":"https:\/\/schema.org","@graph":[{"@type":"WebPage","@id":"https:\/\/happiness-travels.com\/news\/","url":"https:\/\/happiness-travels.com\/news\/","name":"News 01 \u2013 Happiness Travels \u2013 Entdecken Sie \u00c4gypten mit Experten. Erleben Sie es mit Herz.","isPartOf":{"@id":"https:\/\/happiness-travels.com\/#website"},"primaryImageOfPage":{"@id":"https:\/\/happiness-travels.com\/news\/#primaryimage"},"image":{"@id":"https:\/\/happiness-travels.com\/news\/#primaryimage"},"thumbnailUrl":"https:\/\/happiness-travels.com\/wp-content\/uploads\/2026\/01\/iStock-827963114_rgb-500x360.jpg","datePublished":"2022-12-19T02:30:10+00:00","dateModified":"2026-02-15T19:44:34+00:00","breadcrumb":{"@id":"https:\/\/happiness-travels.com\/news\/#breadcrumb"},"inLanguage":"de","potentialAction":[{"@type":"ReadAction","target":["https:\/\/happiness-travels.com\/news\/"]}]},{"@type":"ImageObject","inLanguage":"de","@id":"https:\/\/happiness-travels.com\/news\/#primaryimage","url":"https:\/\/happiness-travels.com\/wp-content\/uploads\/2026\/01\/iStock-827963114_rgb-500x360.jpg","contentUrl":"https:\/\/happiness-travels.com\/wp-content\/uploads\/2026\/01\/iStock-827963114_rgb-500x360.jpg"},{"@type":"BreadcrumbList","@id":"https:\/\/happiness-travels.com\/news\/#breadcrumb","itemListElement":[{"@type":"ListItem","position":1,"name":"Home","item":"https:\/\/happiness-travels.com\/"},{"@type":"ListItem","position":2,"name":"News 01"}]},{"@type":"WebSite","@id":"https:\/\/happiness-travels.com\/#website","url":"https:\/\/happiness-travels.com\/","name":"Happiness Travels \u2013 Entdecken Sie \u00c4gypten mit Experten. Erleben Sie es mit Herz.","description":"Beliebte Ausfl\u00fcge mit Happiness Travels","potentialAction":[{"@type":"SearchAction","target":{"@type":"EntryPoint","urlTemplate":"https:\/\/happiness-travels.com\/?s={search_term_string}"},"query-input":{"@type":"PropertyValueSpecification","valueRequired":true,"valueName":"search_term_string"}}],"inLanguage":"de"}]}},"_links":{"self":[{"href":"https:\/\/happiness-travels.com\/de\/wp-json\/wp\/v2\/pages\/27","targetHints":{"allow":["GET"]}}],"collection":[{"href":"https:\/\/happiness-travels.com\/de\/wp-json\/wp\/v2\/pages"}],"about":[{"href":"https:\/\/happiness-travels.com\/de\/wp-json\/wp\/v2\/types\/page"}],"author":[{"embeddable":true,"href":"https:\/\/happiness-travels.com\/de\/wp-json\/wp\/v2\/users\/1"}],"replies":[{"embeddable":true,"href":"https:\/\/happiness-travels.com\/de\/wp-json\/wp\/v2\/comments?post=27"}],"version-history":[{"count":6,"href":"https:\/\/happiness-travels.com\/de\/wp-json\/wp\/v2\/pages\/27\/revisions"}],"predecessor-version":[{"id":2198,"href":"https:\/\/happiness-travels.com\/de\/wp-json\/wp\/v2\/pages\/27\/revisions\/2198"}],"wp:attachment":[{"href":"https:\/\/happiness-travels.com\/de\/wp-json\/wp\/v2\/media?parent=27"}],"curies":[{"name":"wp","href":"https:\/\/api.w.org\/{rel}","templated":true}]}}